{"id":1512,"date":"2014-07-07T11:31:53","date_gmt":"2014-07-07T09:31:53","guid":{"rendered":"https:\/\/www.clemensfrede.com\/?page_id=1512"},"modified":"2023-10-18T12:24:34","modified_gmt":"2023-10-18T10:24:34","slug":"impressum","status":"publish","type":"page","link":"https:\/\/www.clemensfrede.com\/de\/impressum","title":{"rendered":"Impressum"},"content":{"rendered":"<p>Angaben gem\u00e4\u00df \u00a7 5 TMG:<\/p>\n<p>Clemens Frede<br \/>\nR\u00f6ckumstrasse 25<br \/>\n53121 Bonn<\/p>\n<p>Telefon: +491797870212<br \/>\ne-Mail: info @ clemensfrede.com<\/p>\n<p>Verantwortlich f\u00fcr den Inhalt nach \u00a7 55 Abs. 2 RStV:<br \/>\nClemens Frede<\/p>\n<p>Disclaimer &#8211; rechtliche Hinweise<\/p>\n<p>1. Haftungsbeschr\u00e4nkung<\/p>\n<p><span style=\"font-size: 0.8em;\">Die Inhalte dieser Website werden mit gr\u00f6\u00dftm\u00f6glichet Sorgfalt erstellt. Der Anbieter \u00fcbernimmt jedoch keine Gew\u00e4hr f\u00fcr die Richtigkeit, Vollst\u00e4ndigkeit und Aktualit\u00e4t der bereitgestellten Inhalte. Die Nutzung der Inhalte der Website erfolgt auf eigene Gefahr des Nutzers. Namentlich gekennzeichnete Beitr\u00e4ge geben die Meinung des jeweiligen Autors und nicht immer die Meinung des Anbieters wieder. Mit der reinen Nutzung der Website des Anbieters kommt keinerlei Vertragsverh\u00e4ltnis zwischen dem Nutzer und dem Anbieter zustande.<\/span><\/p>\n<p>2. Externe Links<\/p>\n<p><span style=\"font-size: 0.8em;\">Diese Website enth\u00e4lt Verkn\u00fcpfungen zu Websites Dritter (&#8222;externe Links&#8220;). Diese Websites unterliegen der Haftung der jeweiligen Betreiber. Der Anbieter hat bei der erstmaligen Verkn\u00fcpfung der externen Links die fremden Inhalte daraufhin \u00fcberpr\u00fcft, ob etwaige Rechtsverst\u00f6\u00dfe bestehen. Zu dem Zeitpunkt waren keine Rechtsverst\u00f6\u00dfe ersichtlich. Der Anbieter hat keinerlei Einflu\u00df auf die aktuelle und zuk\u00fcftige Gestaltung und auf die Inhalte der verkn\u00fcpften Seiten. Das Setzen von externen Links bedeutet nicht, da\u00df sich der Anbieter die hinter dem Verweis oder Link liegenden Inhalte zu Eigen macht. Eine st\u00e4ndige Kontrolle dieser externen Links ist f\u00fcr den Anbieter ohne konkrete Hinweise auf Rechtsverst\u00f6\u00dfe nicht zumutbar. Bei Kenntnis von Rechtsverst\u00f6\u00dfen werden jedoch derartige externe Links unverz\u00fcglich gel\u00f6scht.<\/span><\/p>\n<p>3. Urheber- und Leistungsschutzrechte<\/p>\n<p><span style=\"font-size: 0.8em;\">Die auf dieser Website ver\u00f6ffentlichten Inhalte unterliegen dem deutschen Urheber- und Leistungsschutzrecht. Jede vom deutschen Urheber- und Leistungsschutzrecht nicht zugelassene Verwertung bedarf der vorherigen schriftlichen Zustimmung des Anbieters oder jeweiligen Rechteinhabers. Dies gilt insbesondere f\u00fcr Vervielf\u00e4ltigung, Bearbeitung, \u00dcbersetzung, Einspeicherung, Verarbeitung bzw. Wiedergabe von Inhalten in Datenbanken oder anderen elektronischen Medien und Systemen. Inhalte und Rechte Dritter sind dabei als solche gekennzeichnet. Die unerlaubte Vervielf\u00e4ltigung oder Weitergabe einzelner Inhalte oder kompletter Seiten ist nicht gestattet und strafbar. Lediglich die Herstellung von Kopien und Downloads f\u00fcr den pers\u00f6nlichen, privaten und nicht kommerziellen Gebrauch ist erlaubt.<br \/>\nDie Darstellung dieser Website in fremden Frames ist nur mit schriftlicher Erlaubnis zul\u00e4ssig.<\/span><\/p>\n<p>4. Besondere Nutzungsbedingungen<\/p>\n<p><span style=\"font-size: 0.8em;\">Soweit besondere Bedingungen f\u00fcr einzelne Nutzungen dieser Website von den vorgenannten Nummern 1. bis 4. abweichen, wird an entsprechender Stelle ausdr\u00fccklich darauf hingewiesen. In diesem Falle gelten im jeweiligen Einzelfall die besonderen Nutzungsbedingungen.<\/span><\/p>\n<p><span style=\"font-size: 0.8em;\">Quelle: Disclaimer von Juraforum.de<\/span><\/p>","protected":false},"excerpt":{"rendered":"<p>Angaben gem\u00e4\u00df \u00a7 5 TMG: Clemens Frede R\u00f6ckumstrasse 25 53121 Bonn Telefon: +491797870212 e-Mail: info @ clemensfrede.com Verantwortlich f\u00fcr den Inhalt nach \u00a7 55 Abs. 2 RStV: Clemens Frede Disclaimer &#8211; rechtliche Hinweise 1. Haftungsbeschr\u00e4nkung Die Inhalte dieser Website werden mit gr\u00f6\u00dftm\u00f6glichet Sorgfalt erstellt. Der Anbieter \u00fcbernimmt jedoch keine Gew\u00e4hr f\u00fcr die Richtigkeit, Vollst\u00e4ndigkeit und [&hellip;]<\/p>\n","protected":false},"author":1,"featured_media":0,"parent":0,"menu_order":0,"comment_status":"closed","ping_status":"closed","template":"","meta":{"footnotes":""},"class_list":["post-1512","page","type-page","status-publish","hentry"],"aioseo_notices":[],"jetpack_shortlink":"https:\/\/wp.me\/P1jfUI-oo","jetpack-related-posts":[{"id":36,"url":"https:\/\/www.clemensfrede.com\/de\/yoga\/workshops","url_meta":{"origin":1512,"position":0},"title":"Workshops &#038; Kurse","author":"Clemens","date":"Saturday, der 30. October 2010","format":false,"excerpt":"Einige meiner Workshops werden bei der Yoga Alliance als Fortbildung anerkannt. Yoga in Bad Gastein Ich unterrichte regelm\u00e4\u00dfig Yoga im Hotel Miramonte\u00a0und im Haus Hirt in Bad Gastein. T\u00e4glich zwei Klassen f\u00fcr alle Level. Morgens als entspannter Start in den Tag, Abends, um zur Ruhe zu kommen. Tags\u00fcber kann man\u2026","rel":"","context":"\u00c4hnlicher Beitrag","block_context":{"text":"\u00c4hnlicher Beitrag","link":""},"img":{"alt_text":"","src":"https:\/\/i0.wp.com\/www.clemensfrede.com\/wp-content\/uploads\/2016\/07\/YACEP-1-150x150.png?resize=350%2C200&ssl=1","width":350,"height":200},"classes":[]},{"id":4042,"url":"https:\/\/www.clemensfrede.com\/de\/psychology\/stresspravention-leistungsmanagement","url_meta":{"origin":1512,"position":1},"title":"Stressmanagement","author":"Clemens","date":"Tuesday, der  7. February 2017","format":false,"excerpt":"Das Seminar Stressbew\u00e4ltigung & Leistungsmanagement ist eine Ma\u00dfnahme im Rahmen des Betrieblichen Gesundheitsmanagements (BGM) und entspricht dem Deutschen Standard f\u00fcr Pr\u00e4vention. Ziel des Seminars ist es einerseits den negativen Einfluss von Stress im Arbeitsalltag zu reduzieren. Andererseits soll das Selbstbewusstsein und damit die Leistungsf\u00e4higkeit der Mitarbeiter gest\u00e4rkt werden. Die Teilnehmer\u2026","rel":"","context":"\u00c4hnlicher Beitrag","block_context":{"text":"\u00c4hnlicher Beitrag","link":""},"img":{"alt_text":"","src":"https:\/\/i0.wp.com\/www.clemensfrede.com\/wp-content\/uploads\/2016\/12\/zpp.png?resize=350%2C200&ssl=1","width":350,"height":200},"classes":[]},{"id":1587,"url":"https:\/\/www.clemensfrede.com\/de\/","url_meta":{"origin":1512,"position":2},"title":"&nbsp; Clemens Frede arbeitet als\u2026","author":"Clemens","date":"Monday, der  7. July 2014","format":false,"excerpt":"\u00a0 Clemens Frede arbeitet als freier Berater f\u00fcr\u00a0Marketing und\u00a0Performance Psychologie. Zum einen steuert er Kommunikationsprojekte und Prozesse in Agenturen und Unternehmen. Zum anderen ber\u00e4t er im Rahmen der betrieblichen Gesundheitsf\u00f6rderung Unternehmen aber auch Einzelpersonen zu Performance und Stressmanagement. Clemens unterrichtet ausserdem Yoga. Marketing Beratung: Als festangestellter und sp\u00e4ter freiberuflicher Marketing\u2026","rel":"","context":"\u00c4hnlicher Beitrag","block_context":{"text":"\u00c4hnlicher Beitrag","link":""},"img":{"alt_text":"","src":"https:\/\/i0.wp.com\/www.clemensfrede.com\/wp-content\/uploads\/2020\/12\/clemens-a-frede-1024x1024-1-150x150.jpg?resize=350%2C200&ssl=1","width":350,"height":200},"classes":[]},{"id":4702,"url":"https:\/\/www.clemensfrede.com\/de\/yoga\/own-your-yoga","url_meta":{"origin":1512,"position":3},"title":"Own Your Yoga","author":"Clemens","date":"Thursday, der 27. September 2018","format":false,"excerpt":"Der Practice Space ist ein Raum f\u00fcr dich, in deinem du deinen eigenen Yoga Flow \u00fcben kannst, ohne auf Inspiration und Feedback zu verzichten. Du \u00fcbst auf deinem eigenen Level, unter dem wachsamen Auge eines Lehrers, getragen von einem gemeinsamen Thema und der Energie der Gruppe. Yoga zu Hause \u00fcben?\u2026","rel":"","context":"\u00c4hnlicher Beitrag","block_context":{"text":"\u00c4hnlicher Beitrag","link":""},"img":{"alt_text":"","src":"https:\/\/i0.wp.com\/www.clemensfrede.com\/wp-content\/uploads\/2018\/09\/DF4650E8-98B5-4B6D-83EC-AA4DDBACD290.jpg?resize=350%2C200&ssl=1","width":350,"height":200,"srcset":"https:\/\/i0.wp.com\/www.clemensfrede.com\/wp-content\/uploads\/2018\/09\/DF4650E8-98B5-4B6D-83EC-AA4DDBACD290.jpg?resize=350%2C200&ssl=1 1x, https:\/\/i0.wp.com\/www.clemensfrede.com\/wp-content\/uploads\/2018\/09\/DF4650E8-98B5-4B6D-83EC-AA4DDBACD290.jpg?resize=525%2C300&ssl=1 1.5x, https:\/\/i0.wp.com\/www.clemensfrede.com\/wp-content\/uploads\/2018\/09\/DF4650E8-98B5-4B6D-83EC-AA4DDBACD290.jpg?resize=700%2C400&ssl=1 2x, https:\/\/i0.wp.com\/www.clemensfrede.com\/wp-content\/uploads\/2018\/09\/DF4650E8-98B5-4B6D-83EC-AA4DDBACD290.jpg?resize=1050%2C600&ssl=1 3x, https:\/\/i0.wp.com\/www.clemensfrede.com\/wp-content\/uploads\/2018\/09\/DF4650E8-98B5-4B6D-83EC-AA4DDBACD290.jpg?resize=1400%2C800&ssl=1 4x"},"classes":[]},{"id":4956,"url":"https:\/\/www.clemensfrede.com\/de\/psychology\/stressmanagement-for-leaders","url_meta":{"origin":1512,"position":4},"title":"Stressmanagement f\u00fcr F\u00fchrungskr\u00e4fte","author":"Clemens","date":"Saturday, der 30. April 2022","format":false,"excerpt":"Das Seminar \u201eGesundheit im Blick\u201c ist eine Ma\u00dfnahme f\u00fcr F\u00fchrungskr\u00e4fte im Rahmen des Betrieblichen Gesundheitsmanagements (BGM). Ziel des Seminars ist es, negativen Stress zu verstehen und zu erkennen, um angemessen reagieren zu k\u00f6nnen. Dabei geht es einerseits darum, pers\u00f6nlichem Stress entgegenzuwirken und andererseits auch bei Mitarbeitern und in Teams Symptome\u2026","rel":"","context":"\u00c4hnlicher Beitrag","block_context":{"text":"\u00c4hnlicher Beitrag","link":""},"img":{"alt_text":"","src":"","width":0,"height":0},"classes":[]},{"id":1487,"url":"https:\/\/www.clemensfrede.com\/de\/marketing","url_meta":{"origin":1512,"position":5},"title":"Marketing","author":"Clemens","date":"Thursday, der  3. July 2014","format":false,"excerpt":"Als Marketing Manager und Berater f\u00fcr Kommunikation verf\u00fcge ich \u00fcber mehr als 24 Jahre internationaler Erfahrung. Ich habe in dieser Zeit f\u00fcr globale Unternehmen genauso wie f\u00fcr Agenturen aus unterschiedlichen Branchen als Projektleiter auf komplexen Kommunikations- und Digitalprojekten gearbeitet. Projekte: Digitalisierung, digitale Transformation, Software-Einf\u00fchrung Change Management, Org. Development, Abteilungsaufbau, Prozessmanagement,\u2026","rel":"","context":"\u00c4hnlicher Beitrag","block_context":{"text":"\u00c4hnlicher Beitrag","link":""},"img":{"alt_text":"","src":"pdf2.gif","width":350,"height":200},"classes":[]}],"jetpack_sharing_enabled":true,"_links":{"self":[{"href":"https:\/\/www.clemensfrede.com\/de\/wp-json\/wp\/v2\/pages\/1512","targetHints":{"allow":["GET"]}}],"collection":[{"href":"https:\/\/www.clemensfrede.com\/de\/wp-json\/wp\/v2\/pages"}],"about":[{"href":"https:\/\/www.clemensfrede.com\/de\/wp-json\/wp\/v2\/types\/page"}],"author":[{"embeddable":true,"href":"https:\/\/www.clemensfrede.com\/de\/wp-json\/wp\/v2\/users\/1"}],"replies":[{"embeddable":true,"href":"https:\/\/www.clemensfrede.com\/de\/wp-json\/wp\/v2\/comments?post=1512"}],"version-history":[{"count":5,"href":"https:\/\/www.clemensfrede.com\/de\/wp-json\/wp\/v2\/pages\/1512\/revisions"}],"predecessor-version":[{"id":4992,"href":"https:\/\/www.clemensfrede.com\/de\/wp-json\/wp\/v2\/pages\/1512\/revisions\/4992"}],"wp:attachment":[{"href":"https:\/\/www.clemensfrede.com\/de\/wp-json\/wp\/v2\/media?parent=1512"}],"curies":[{"name":"wp","href":"https:\/\/api.w.org\/{rel}","templated":true}]}}