{"id":1587,"date":"2014-07-07T16:34:15","date_gmt":"2014-07-07T14:34:15","guid":{"rendered":"https:\/\/www.clemensfrede.com\/?page_id=1587"},"modified":"2024-05-02T13:22:12","modified_gmt":"2024-05-02T11:22:12","slug":"home","status":"publish","type":"page","link":"https:\/\/www.clemensfrede.com\/de\/","title":{"rendered":""},"content":{"rendered":"<p>\n\t\t\n\t\t<div id=\"P_MS69f75567b87e6\" class=\"master-slider-parent ms-parent-id-2\" style=\"\" >\n\n\t\t\t\n\t\t\t\n\t\t\t<div id=\"MS69f75567b87e6\" class=\"master-slider ms-skin-light-3\" >\n\t\t\t\t \t\t\t\t \n\n\t\t\t<div  class=\"ms-slide\" data-delay=\"3\" data-fill-mode=\"fill\"   >\n\t\t\t\t\t<img decoding=\"async\" src=\"https:\/\/www.clemensfrede.com\/wp-content\/plugins\/masterslider\/public\/assets\/css\/blank.gif\" alt=\"\" title=\"\" data-src=\"https:\/\/www.clemensfrede.com\/wp-content\/uploads\/2024\/05\/IMG_BF4B57EB6224-1.jpeg\" \/>\n\t<a href=\"http:\/\/www.clemensfrede.com\/marketing\"     ><\/a>\n\n\t\t\t\t\t<div class=\"ms-info ms-info-empty\">&nbsp;<\/div>\n\n\t\t\t\t\t<div  class=\"ms-layer\" style=\"\"   data-effect=\"t(true,n,n,n,n,n,n,n,n,n,n,n,n,n,n)\" data-duration=\"3050\"  data-ease=\"easeOutQuint\"                data-offset-x=\"-38\" data-offset-y=\"-78\" data-origin=\"mc\"   >\n<h1><span style=\"color: #ffffff;\"><b>Marketing Beratung<\/b><\/span><\/h1><\/div>\n\n\n\t\t\t\t<\/div>\n\t\t\t<div  class=\"ms-slide\" data-delay=\"4\" data-fill-mode=\"fill\"   >\n\t\t\t\t\t<img decoding=\"async\" src=\"https:\/\/www.clemensfrede.com\/wp-content\/plugins\/masterslider\/public\/assets\/css\/blank.gif\" alt=\"\" title=\"\" data-src=\"https:\/\/www.clemensfrede.com\/wp-content\/uploads\/2022\/04\/deine-probleme-1.jpeg\" \/>\n\t<a href=\"https:\/\/www.clemensfrede.com\/de\/yoga\/workshops\"     ><\/a>\n\n\t\t\t\t\t<div class=\"ms-info ms-info-empty\">&nbsp;<\/div>\n\n\t\t\t\t\t<div  class=\"ms-layer\" style=\"\"   data-effect=\"t(true,n,n,n,n,n,n,n,n,n,n,n,n,n,n)\" data-duration=\"3987\"  data-ease=\"easeOutQuint\"                data-offset-x=\"0\" data-offset-y=\"0\" data-origin=\"mc\"   >\n<h1 style=\"text-align: center;\"><span style=\"color: #666699;\">\"Deine Probleme m\u00f6chte ich haben.\"<\/span><br \/><span style=\"color: #666699;\">Stressmanagementkurse<br \/><span style=\"font-family: 'Crimson Text', 'Times New Roman', Times, serif; font-size: 20px;\">(von den Krankenkassen zertifiziert)<\/span><\/span><\/h1><\/div>\n\n\n\t\t\t\t<\/div>\n\t\t\t<div  class=\"ms-slide\" data-delay=\"4.5\" data-fill-mode=\"fill\"   >\n\t\t\t\t\t<img decoding=\"async\" src=\"https:\/\/www.clemensfrede.com\/wp-content\/plugins\/masterslider\/public\/assets\/css\/blank.gif\" alt=\"\" title=\"white-tactile2\" data-src=\"https:\/\/www.clemensfrede.com\/wp-content\/uploads\/2018\/05\/Flyer_Yogakurs_3.jpg\" \/>\n\t<a href=\"https:\/\/www.clemensfrede.com\/de\/yoga\"     >white-tactile2<\/a>\n\n\t\t\t\t\t<div class=\"ms-info ms-info-empty\">&nbsp;<\/div>\n\n\t\t\t\t\t<div  class=\"ms-layer\" style=\"\"   data-effect=\"t(true,n,n,-1500,n,n,n,n,n,n,n,n,n,n,n)\" data-duration=\"4750\" data-delay=\"287\" data-ease=\"easeOutQuint\"                data-offset-x=\"0\" data-offset-y=\"0\" data-origin=\"mc\"   >\n<h1><span style=\"color: #ffffff;\">YOGA<\/span><\/h1><\/div>\n\n\n\t\t\t\t<\/div>\n\t\t\t<div  class=\"ms-slide\" data-delay=\"4.5\" data-fill-mode=\"fill\"   >\n\t\t\t\t\t<img decoding=\"async\" src=\"https:\/\/www.clemensfrede.com\/wp-content\/plugins\/masterslider\/public\/assets\/css\/blank.gif\" alt=\"\" title=\"white-tactile2\" data-src=\"https:\/\/www.clemensfrede.com\/wp-content\/uploads\/2018\/09\/DF4650E8-98B5-4B6D-83EC-AA4DDBACD290.jpg\" \/>\n\t<a href=\"https:\/\/www.clemensfrede.com\/yoga\/own-your-yoga\"     >white-tactile2<\/a>\n\n\t\t\t\t\t<div class=\"ms-info ms-info-empty\">&nbsp;<\/div>\n\n\t\t\t\t\t<div  class=\"ms-layer\" style=\"\"    data-duration=\"4475\"  data-ease=\"easeOutQuint\"                data-offset-x=\"97\" data-offset-y=\"-11\" data-origin=\"mr\"   >\n<h1><span style=\"color: #008080;\">OWN YOUR YOGA<\/span><\/h1><h3><span style=\"color: #008080;\">The Practice Space<\/span><\/h3><\/div>\n\n\n\t\t\t\t<\/div>\n\t\t\t<div  class=\"ms-slide\" data-delay=\"3\" data-fill-mode=\"fill\"   >\n\t\t\t\t\t<img decoding=\"async\" src=\"https:\/\/www.clemensfrede.com\/wp-content\/plugins\/masterslider\/public\/assets\/css\/blank.gif\" alt=\"\" title=\"\" data-src=\"https:\/\/www.clemensfrede.com\/wp-content\/uploads\/2014\/08\/IMG_9397.jpg\" \/>\n\t<a href=\"http:\/\/www.clemensfrede.com\/blog\"     ><\/a>\n\n\t\t\t\t\t<div class=\"ms-info ms-info-empty\">&nbsp;<\/div>\n\n\t\t\t\t\t<div  class=\"ms-layer\" style=\"\"   data-effect=\"t(true,n,n,n,n,n,n,n,n,n,n,n,n,n,n)\" data-duration=\"3050\"  data-ease=\"easeOutQuint\"                data-offset-x=\"0\" data-offset-y=\"0\" data-origin=\"mc\"   >\n<h1><span style=\"color: #ffffff;\"><b>things to think about...<\/b><\/span><\/h1><\/div>\n\n\n\t\t\t\t<\/div>\n\n\t\t\t<\/div>\n\t\t\t\n\n\t\t\t \n\t\t<\/div>\n\t\t\n\n\t\t<script>\n\t\t( window.MSReady = window.MSReady || [] ).push( function( $ ) {\n\n\t\t\t\"use strict\";\n\t\t\tvar masterslider_87e6 = new MasterSlider();\n\n\t\t\t\/\/ slider controls\n\t\t\tmasterslider_87e6.control('arrows'     ,{ autohide:true, overVideo:true , hideUnder:200 });\n\t\t\tmasterslider_87e6.control('bullets'    ,{ autohide:false, overVideo:true, dir:'h', align:'bottom', space:5 , margin:10  });\n\t\t\tmasterslider_87e6.control('scrollbar'  ,{ autohide:true, overVideo:true, dir:'h', inset:true, align:'bottom', color:'#404040' , margin:10  , width:4 });\n\t\t\tmasterslider_87e6.control('slideinfo'  ,{ autohide:false, overVideo:true, dir:'h', align:'top',inset:true , margin:150 , hideUnder:400 , size:50 });\n\t\t\t\/\/ slider setup\n\t\t\tmasterslider_87e6.setup(\"MS69f75567b87e6\", {\n\t\t\t\twidth           : 800,\n\t\t\t\theight          : 480,\n\t\t\t\tminHeight       : 0,\n\t\t\t\tspace           : 0,\n\t\t\t\tstart           : 1,\n\t\t\t\tgrabCursor      : true,\n\t\t\t\tswipe           : true,\n\t\t\t\tmouse           : true,\n\t\t\t\tkeyboard        : false,\n\t\t\t\tlayout          : \"fullwidth\",\n\t\t\t\twheel           : false,\n\t\t\t\tautoplay        : true,\n                instantStartLayers:false,\n\t\t\t\tmobileBGVideo:false,\n\t\t\t\tloop            : true,\n\t\t\t\tshuffle         : false,\n\t\t\t\tpreload         : 0,\n\t\t\t\theightLimit     : true,\n\t\t\t\tautoHeight      : false,\n\t\t\t\tsmoothHeight    : true,\n\t\t\t\tendPause        : false,\n\t\t\t\toverPause       : true,\n\t\t\t\tfillMode        : \"fill\",\n\t\t\t\tcenterControls  : false,\n\t\t\t\tstartOnAppear   : false,\n\t\t\t\tlayersMode      : \"center\",\n\t\t\t\tautofillTarget  : \"\",\n\t\t\t\thideLayers      : false,\n\t\t\t\tfullscreenMargin: 0,\n\t\t\t\tspeed           : 20,\n\t\t\t\tdir             : \"h\",\n\t\t\t\tresponsive      : true,\n\t\t\t\ttabletWidth     : 768,\n\t\t\t\ttabletHeight    : null,\n\t\t\t\tphoneWidth      : 480,\n\t\t\t\tphoneHeight    : null,\n\t\t\t\tsizingReference : window,\n\t\t\t\tparallaxMode    : 'swipe',\n\t\t\t\tview            : \"basic\"\n\t\t\t});\n\n\t\t\t\n\t\t\twindow.masterslider_instances = window.masterslider_instances || [];\n\t\t\twindow.masterslider_instances.push( masterslider_87e6 );\n\t\t});\n\t\t<\/script>\n\n<\/p>\n<p>&nbsp;<\/p>\n<p>Clemens Frede arbeitet als freier Berater f\u00fcr\u00a0<a href=\"https:\/\/www.clemensfrede.com\/marketing\">Marketing<\/a> und\u00a0<a href=\"https:\/\/www.clemensfrede.com\/psychology\">Performance Psychologie<\/a>. Zum einen steuert er Kommunikationsprojekte und Prozesse in Agenturen und Unternehmen. Zum anderen ber\u00e4t er im Rahmen der betrieblichen Gesundheitsf\u00f6rderung Unternehmen aber auch Einzelpersonen zu Performance und Stressmanagement. Clemens unterrichtet ausserdem <a href=\"https:\/\/www.clemensfrede.com\/de\/yoga\">Yoga<\/a>.<\/p>\n<p><img loading=\"lazy\" decoding=\"async\" data-attachment-id=\"4925\" data-permalink=\"https:\/\/www.clemensfrede.com\/de\/home\/clemens-a-frede-1024x1024\" data-orig-file=\"https:\/\/www.clemensfrede.com\/wp-content\/uploads\/2020\/12\/clemens-a-frede-1024x1024-1.jpg\" data-orig-size=\"1024,1024\" data-comments-opened=\"0\" data-image-meta=\"{&quot;aperture&quot;:&quot;0&quot;,&quot;credit&quot;:&quot;&quot;,&quot;camera&quot;:&quot;&quot;,&quot;caption&quot;:&quot;&quot;,&quot;created_timestamp&quot;:&quot;0&quot;,&quot;copyright&quot;:&quot;&quot;,&quot;focal_length&quot;:&quot;0&quot;,&quot;iso&quot;:&quot;0&quot;,&quot;shutter_speed&quot;:&quot;0&quot;,&quot;title&quot;:&quot;&quot;,&quot;orientation&quot;:&quot;0&quot;}\" data-image-title=\"clemens-frede-1024&amp;#215;1024\" data-image-description=\"\" data-image-caption=\"\" data-medium-file=\"https:\/\/www.clemensfrede.com\/wp-content\/uploads\/2020\/12\/clemens-a-frede-1024x1024-1-300x300.jpg\" data-large-file=\"https:\/\/www.clemensfrede.com\/wp-content\/uploads\/2020\/12\/clemens-a-frede-1024x1024-1-1024x1024.jpg\" class=\"alignright wp-image-4925\" src=\"https:\/\/www.clemensfrede.com\/wp-content\/uploads\/2020\/12\/clemens-a-frede-1024x1024-1-150x150.jpg\" alt=\"\" width=\"200\" height=\"200\" srcset=\"https:\/\/www.clemensfrede.com\/wp-content\/uploads\/2020\/12\/clemens-a-frede-1024x1024-1-150x150.jpg 150w, https:\/\/www.clemensfrede.com\/wp-content\/uploads\/2020\/12\/clemens-a-frede-1024x1024-1-300x300.jpg 300w, https:\/\/www.clemensfrede.com\/wp-content\/uploads\/2020\/12\/clemens-a-frede-1024x1024-1.jpg 1024w, https:\/\/www.clemensfrede.com\/wp-content\/uploads\/2020\/12\/clemens-a-frede-1024x1024-1-768x768.jpg 768w\" sizes=\"auto, (max-width: 200px) 100vw, 200px\" \/><\/p>\n<h2><\/h2>\n<h2>Marketing Beratung:<\/h2>\n<p>Als festangestellter und sp\u00e4ter freiberuflicher <a href=\"https:\/\/www.clemensfrede.com\/marketing\">Marketing Manager<\/a> hat Clemens Frede inzwischen mehr als 20 Jahre Berufserfahrung in unterschiedlichen Branchen und Unternehmen. Er ber\u00e4t in Projekten im <strong>Marketing<\/strong> und der <strong>Kommunikation<\/strong> sowie <strong>digitale Transformation<\/strong> und <strong>Change Management<\/strong>.<\/p>\n<h2>Leistungs- und Stressmanagement:<\/h2>\n<p>Als Berater f\u00fcr Leistungspsychologie (<a href=\"https:\/\/www.clemensfrede.com\/psychology\">Performance Psychology<\/a>) (M.A.) f\u00fchrt Clemens Frede Stressmanagement Kurse und Seminare f\u00fcr F\u00fchrungskr\u00e4fte in Unternehmen im Rahmen der <a href=\"https:\/\/www.clemensfrede.com\/psychology\/stresspravention-leistungsmanagement\">betrieblichen Gesundheitsf\u00f6rderung<\/a>. Sein Angebot ist zertifiziert und entspricht dem Deutschen Standard Pr\u00e4vention. Clemens Frede ist au\u00dferdem ausgebildeter Yoga- und Meditationstrainer (RYT 500, E-RYT 300). Er unterrichtet seit \u00fcber zehn Jahren <a href=\"https:\/\/www.clemensfrede.com\/yoga\">Yoga<\/a> in Klassen, Kursen und Workshops in Europa.<\/p>\n<p>&nbsp;<\/p>","protected":false},"excerpt":{"rendered":"<p>&nbsp; Clemens Frede arbeitet als freier Berater f\u00fcr\u00a0Marketing und\u00a0Performance Psychologie. Zum einen steuert er Kommunikationsprojekte und Prozesse in Agenturen und Unternehmen. Zum anderen ber\u00e4t er im Rahmen der betrieblichen Gesundheitsf\u00f6rderung Unternehmen aber auch Einzelpersonen zu Performance und Stressmanagement. Clemens unterrichtet ausserdem Yoga. Marketing Beratung: Als festangestellter und sp\u00e4ter freiberuflicher Marketing Manager hat Clemens Frede inzwischen [&hellip;]<\/p>\n","protected":false},"author":1,"featured_media":0,"parent":0,"menu_order":0,"comment_status":"closed","ping_status":"closed","template":"","meta":{"footnotes":""},"class_list":["post-1587","page","type-page","status-publish","hentry"],"aioseo_notices":[],"jetpack_shortlink":"https:\/\/wp.me\/P1jfUI-pB","jetpack-related-posts":[{"id":4655,"url":"https:\/\/www.clemensfrede.com\/de\/deutsch-datenschutz","url_meta":{"origin":1587,"position":0},"title":"Datenschutz","author":"Clemens","date":"Sunday, der 20. May 2018","format":false,"excerpt":"Allgemeiner Hinweis Diese Seite gibt einen \u00dcberblick dar\u00fcber, was mit personenbezogenen Daten passiert, wenn Sie diese Website besuchen. Personenbezogene Daten sind alle Daten, die eine pers\u00f6nliche Identifizierung erm\u00f6glichen. Einige Daten werden automatisch beim Besuch der Website erhoben. Das sind zum Beispiel technische Daten (z.B. Internetbrowser, Betriebssystem oder Uhrzeit des Seitenaufrufs).\u2026","rel":"","context":"\u00c4hnlicher Beitrag","block_context":{"text":"\u00c4hnlicher Beitrag","link":""},"img":{"alt_text":"","src":"","width":0,"height":0},"classes":[]},{"id":4042,"url":"https:\/\/www.clemensfrede.com\/de\/psychology\/stresspravention-leistungsmanagement","url_meta":{"origin":1587,"position":1},"title":"Stressmanagement","author":"Clemens","date":"Tuesday, der  7. February 2017","format":false,"excerpt":"Das Seminar Stressbew\u00e4ltigung & Leistungsmanagement ist eine Ma\u00dfnahme im Rahmen des Betrieblichen Gesundheitsmanagements (BGM) und entspricht dem Deutschen Standard f\u00fcr Pr\u00e4vention. Ziel des Seminars ist es einerseits den negativen Einfluss von Stress im Arbeitsalltag zu reduzieren. Andererseits soll das Selbstbewusstsein und damit die Leistungsf\u00e4higkeit der Mitarbeiter gest\u00e4rkt werden. Die Teilnehmer\u2026","rel":"","context":"\u00c4hnlicher Beitrag","block_context":{"text":"\u00c4hnlicher Beitrag","link":""},"img":{"alt_text":"","src":"https:\/\/i0.wp.com\/www.clemensfrede.com\/wp-content\/uploads\/2016\/12\/zpp.png?resize=350%2C200&ssl=1","width":350,"height":200},"classes":[]},{"id":4702,"url":"https:\/\/www.clemensfrede.com\/de\/yoga\/own-your-yoga","url_meta":{"origin":1587,"position":2},"title":"Own Your Yoga","author":"Clemens","date":"Thursday, der 27. September 2018","format":false,"excerpt":"Der Practice Space ist ein Raum f\u00fcr dich, in deinem du deinen eigenen Yoga Flow \u00fcben kannst, ohne auf Inspiration und Feedback zu verzichten. Du \u00fcbst auf deinem eigenen Level, unter dem wachsamen Auge eines Lehrers, getragen von einem gemeinsamen Thema und der Energie der Gruppe. Yoga zu Hause \u00fcben?\u2026","rel":"","context":"\u00c4hnlicher Beitrag","block_context":{"text":"\u00c4hnlicher Beitrag","link":""},"img":{"alt_text":"","src":"https:\/\/i0.wp.com\/www.clemensfrede.com\/wp-content\/uploads\/2018\/09\/DF4650E8-98B5-4B6D-83EC-AA4DDBACD290.jpg?resize=350%2C200&ssl=1","width":350,"height":200,"srcset":"https:\/\/i0.wp.com\/www.clemensfrede.com\/wp-content\/uploads\/2018\/09\/DF4650E8-98B5-4B6D-83EC-AA4DDBACD290.jpg?resize=350%2C200&ssl=1 1x, https:\/\/i0.wp.com\/www.clemensfrede.com\/wp-content\/uploads\/2018\/09\/DF4650E8-98B5-4B6D-83EC-AA4DDBACD290.jpg?resize=525%2C300&ssl=1 1.5x, https:\/\/i0.wp.com\/www.clemensfrede.com\/wp-content\/uploads\/2018\/09\/DF4650E8-98B5-4B6D-83EC-AA4DDBACD290.jpg?resize=700%2C400&ssl=1 2x, https:\/\/i0.wp.com\/www.clemensfrede.com\/wp-content\/uploads\/2018\/09\/DF4650E8-98B5-4B6D-83EC-AA4DDBACD290.jpg?resize=1050%2C600&ssl=1 3x, https:\/\/i0.wp.com\/www.clemensfrede.com\/wp-content\/uploads\/2018\/09\/DF4650E8-98B5-4B6D-83EC-AA4DDBACD290.jpg?resize=1400%2C800&ssl=1 4x"},"classes":[]},{"id":1512,"url":"https:\/\/www.clemensfrede.com\/de\/impressum","url_meta":{"origin":1587,"position":3},"title":"Impressum","author":"Clemens","date":"Monday, der  7. July 2014","format":false,"excerpt":"Angaben gem\u00e4\u00df \u00a7 5 TMG: Clemens Frede R\u00f6ckumstrasse 25 53121 Bonn Telefon: +491797870212 e-Mail: info @ clemensfrede.com Verantwortlich f\u00fcr den Inhalt nach \u00a7 55 Abs. 2 RStV: Clemens Frede Disclaimer - rechtliche Hinweise 1. Haftungsbeschr\u00e4nkung Die Inhalte dieser Website werden mit gr\u00f6\u00dftm\u00f6glichet Sorgfalt erstellt. Der Anbieter \u00fcbernimmt jedoch keine Gew\u00e4hr\u2026","rel":"","context":"\u00c4hnlicher Beitrag","block_context":{"text":"\u00c4hnlicher Beitrag","link":""},"img":{"alt_text":"","src":"","width":0,"height":0},"classes":[]},{"id":36,"url":"https:\/\/www.clemensfrede.com\/de\/yoga\/workshops","url_meta":{"origin":1587,"position":4},"title":"Workshops &#038; Kurse","author":"Clemens","date":"Saturday, der 30. October 2010","format":false,"excerpt":"Einige meiner Workshops werden bei der Yoga Alliance als Fortbildung anerkannt. Yoga in Bad Gastein Ich unterrichte regelm\u00e4\u00dfig Yoga im Hotel Miramonte\u00a0und im Haus Hirt in Bad Gastein. T\u00e4glich zwei Klassen f\u00fcr alle Level. Morgens als entspannter Start in den Tag, Abends, um zur Ruhe zu kommen. Tags\u00fcber kann man\u2026","rel":"","context":"\u00c4hnlicher Beitrag","block_context":{"text":"\u00c4hnlicher Beitrag","link":""},"img":{"alt_text":"","src":"https:\/\/i0.wp.com\/www.clemensfrede.com\/wp-content\/uploads\/2016\/07\/YACEP-1-150x150.png?resize=350%2C200&ssl=1","width":350,"height":200},"classes":[]},{"id":1516,"url":"https:\/\/www.clemensfrede.com\/de\/psychology","url_meta":{"origin":1587,"position":5},"title":"Performance Psychology","author":"Clemens","date":"Monday, der  7. July 2014","format":false,"excerpt":"Performance Psychology\u00a0\u2013\u00a0oder Leistungspsychologie \u2013 hilft dabei, pers\u00f6nliche Priorit\u00e4ten\u00a0zu identifizieren, motiviert\u00a0zu verfolgen und zu erreichen. Sie l\u00e4sst einen mit R\u00fcckschl\u00e4gen besser umgehen und st\u00e4rkt die mentale Belastbarkeit. Wenn wir an Leistung denken, denken wir oft wir m\u00fcssen\u00a0mehr\u00a0tun. Das\u00a0kann \u00fcberw\u00e4ltigend sein, wenn man bereits gestresst ist. Statt dessen geht es darum, mit\u2026","rel":"","context":"\u00c4hnlicher Beitrag","block_context":{"text":"\u00c4hnlicher Beitrag","link":""},"img":{"alt_text":"","src":"","width":0,"height":0},"classes":[]}],"jetpack_sharing_enabled":true,"_links":{"self":[{"href":"https:\/\/www.clemensfrede.com\/de\/wp-json\/wp\/v2\/pages\/1587","targetHints":{"allow":["GET"]}}],"collection":[{"href":"https:\/\/www.clemensfrede.com\/de\/wp-json\/wp\/v2\/pages"}],"about":[{"href":"https:\/\/www.clemensfrede.com\/de\/wp-json\/wp\/v2\/types\/page"}],"author":[{"embeddable":true,"href":"https:\/\/www.clemensfrede.com\/de\/wp-json\/wp\/v2\/users\/1"}],"replies":[{"embeddable":true,"href":"https:\/\/www.clemensfrede.com\/de\/wp-json\/wp\/v2\/comments?post=1587"}],"version-history":[{"count":5,"href":"https:\/\/www.clemensfrede.com\/de\/wp-json\/wp\/v2\/pages\/1587\/revisions"}],"predecessor-version":[{"id":5008,"href":"https:\/\/www.clemensfrede.com\/de\/wp-json\/wp\/v2\/pages\/1587\/revisions\/5008"}],"wp:attachment":[{"href":"https:\/\/www.clemensfrede.com\/de\/wp-json\/wp\/v2\/media?parent=1587"}],"curies":[{"name":"wp","href":"https:\/\/api.w.org\/{rel}","templated":true}]}}