{"id":4655,"date":"2018-05-20T10:57:27","date_gmt":"2018-05-20T08:57:27","guid":{"rendered":"https:\/\/www.clemensfrede.com\/?page_id=4655"},"modified":"2020-12-22T12:15:06","modified_gmt":"2020-12-22T10:15:06","slug":"deutsch-datenschutz","status":"publish","type":"page","link":"https:\/\/www.clemensfrede.com\/de\/deutsch-datenschutz","title":{"rendered":"Datenschutz"},"content":{"rendered":"<p><\/p>\n<h3>Allgemeiner Hinweis<\/h3>\n<p>Diese Seite gibt einen \u00dcberblick dar\u00fcber, was mit personenbezogenen Daten passiert, wenn Sie diese Website besuchen. Personenbezogene Daten sind alle Daten, die eine pers\u00f6nliche Identifizierung erm\u00f6glichen.<\/p>\n<p>Einige Daten werden automatisch beim Besuch der Website erhoben. Das sind zum Beispiel technische Daten (z.B. Internetbrowser, Betriebssystem oder Uhrzeit des Seitenaufrufs). Die Erfassung dieser Daten erfolgt automatisch, sobald Sie die Website aufrufen.<\/p>\n<p>Weitere Daten werden erfasst, wenn Sie sich zum Beispiel f\u00fcr den Newsletter anmelden.<\/p>\n<p>Wir weisen ausdr\u00fccklich darauf hin, da\u00df die Daten\u00fcbertragung im Internet (z.B. bei der Kommunikation per E-Mail) Sicherheitsl\u00fccken aufweisen und nicht l\u00fcckenlos vor dem Zugriff durch Dritte gesch\u00fctzt werden kann.<\/p>\n<h3>Kontaktperson<\/h3>\n<p>Die Kontaktperson f\u00fcr diese Website ist:<\/p>\n<p>Clemens Frede<br \/>\nProf.-Brix-Weg 2<br \/>\n22767 Hamburg<br \/>\nTelefon: 0179 . 787 . 0212<br \/>\nemail: info@clemensfrede.com<\/p>\n<h3><b>1. ALLGEMEINES<\/b><\/h3>\n<p>1.1 Die Verwendung von personenbezogenen Daten durch Clemens Frede mit Sitz in Hamburg und der Gesch\u00e4ftsanschrift Prof.-Brix-Weg 2, 22767 Hamburg (\u201eClemens Frede&#8220;), richtet sich nach den geltenden gesetzlichen Bestimmungen sowie der durch den Nutzer erteilten Einwilligung zur Verwendung seiner Daten.<\/p>\n<p>1.2 Clemens Frede ist Trainer f\u00fcr <i>Yoga und Performance Psychologie <\/i>und<i> Marketing Berater<\/i>. \u00dcber Clemens Frede k\u00f6nnen diverse Dienstleistungen im Bereich der Sport- und Freizeitgestaltung und Produkte (gemeinsam das &#8222;Sportangebot&#8220;) gebucht, reserviert oder gekauft werden. Die Sportangebote werden von Clemens Frede im Eigenvertrieb oder Yoga-Studios erbracht. Vertragsgegenstand ist die Nutzung der Dienstleistungen von Clemens Frede (die &#8222;Dienstleistung&#8220;). Die Inanspruchnahme der Dienstleistungen von Clemens Frede erfolgt durch Nutzer (der &#8222;Nutzer&#8220;).<\/p>\n<p>1.3 Clemens Frede ist sich bewusst, dass der Schutz und der sorgf\u00e4ltige Umgang mit den personenbezogenen Daten des Nutzers sehr wichtig sind. Da der Datenschutz f\u00fcr Clemens Frede einen gro\u00dfen Stellenwert einnimmt, h\u00e4lt sich Clemens Frede bei der Verwendung dieser Daten streng an die in Deutschland geltenden gesetzlichen Bestimmungen (DSGVO, Telekommunikationsgesetz (TKG\/TMG).<\/p>\n<p>1.4 Der Nutzer ist angehalten, die Allgemeinen Gesch\u00e4ftsbedingungen (AGB) von Clemens Frede betreffend des Vertragsgegenstandes, der Pflichten des Nutzers, Haftungsbeschr\u00e4nkungen und zahlreicher anderer wichtigen Informationen auf der Webseite von Clemens Frede unter der Domain (www.clemensfrede.com) zu besuchen.<\/p>\n<h3><b>2. ERHEBUNG VON DATEN<\/b><\/h3>\n<p>2.1 Clemens Frede erfasst und speichert jegliche Informationen die der Nutzer auf www.clemensfrede.com, bei der Newsletter-Anmeldung auf Mailchimp angibt und die im Zuge einer Online-Buchung an Clemens Frede \u00fcbermittelt werden oder der Nutzer Clemens Frede auf jegliche andere Art zum Beispiel vor Ort zur Verf\u00fcgung stellt. Clemens Frede verwendet die personenbezogenen Daten des Nutzers soweit dies gesetzlich erlaubt ist und im \u00dcbrigen nur mit der Einwilligung des Nutzers. Soweit die Einwilligung im Rahmen einer Onlinebuchung elektronisch erkl\u00e4rt wird, tr\u00e4gt das Online-Buchungssystem den gesetzlichen Hinweispflichten Rechnung und protokolliert diese Einwilligung durch geeignete technische Systeme.<\/p>\n<p>2.2 Clemens Frede verwendet folgende personenbezogenen Daten des Nutzers: Namen, E-Mail-Adresse, Telefonnummer, Geschlecht, Geburtsdatum, Profilbilder, Adresse\/Wohnsitz, Buchungsdaten, vorhandene Produkte.<\/p>\n<h3><b>3. ZWECK DER DATENVERWENDUNG<\/b><\/h3>\n<p>Wir verarbeiten Ihre Daten im Rahmen der Vertragserf\u00fcllung zu folgenden Zwecken:<\/p>\n<ol>\n<li>Zur Durchf\u00fchrung von Reservierungen und Speicherung von offenen Produkten.<\/li>\n<li>Zur Erstellung von Rechnungen.<span class=\"Apple-converted-space\">\u00a0<\/span><\/li>\n<li>Zur Erstellung einer Buchungshistorie.<span class=\"Apple-converted-space\">\u00a0<\/span><\/li>\n<li>Zur Kontaktaufnahme im Falle von kurzfristigen \u00c4nderungen oder organisatorischen R\u00fcckfragen<\/li>\n<li>Fehlerfreie Bereitstellung der Website und Nutzungsanalysen<\/li>\n<li>Zur Versendung von Newslettern, sofern eine Einwilligung vorliegt<\/li>\n<\/ol>\n<p>3.1 Sie k\u00f6nnen Widerruf gegen diese Datenverarbeitungen einlegen. Ein Widerruf hat zur Folge, dass wir Ihre Daten ab diesem Zeitpunkt zu oben genannten Zwecken nicht mehr verarbeiten. Es gilt zu beachten, dass Clemens Frede -Dienste bei einem Widerruf nicht weiter genutzt werden k\u00f6nnen und eine L\u00f6schung des Profils erfolgen muss. F\u00fcr einen Widerruf wenden Sie sich bitte an: info@clemensfrede.com.<\/p>\n<p>3.2 Wenn Sie unseren Newsletter abonniert haben, verarbeiten wir Ihre Daten zur Zusendung unseres Newsletters. Das Abo des Newsletters k\u00f6nnen Sie jederzeit direkt per Link \u00fcber die Newsletter E-Mails oder per E-Mail an: info@clemensfrede.com stornieren.<\/p>\n<p>3.3 Wir speichern Ihre Daten f\u00fcr die Dauer des Vertragsverh\u00e4ltnisses. Standardm\u00e4\u00dfig werden Clemens Frede-Profile inklusive der vom Nutzer angegebenen Profildaten bei Inaktivit\u00e4t und ohne g\u00fcltiges Produkt (z. B. 10er Block, Abo, etc.) 3 Jahre nach der letzten Buchung gel\u00f6scht. Daten, die sich auf einer Rechnung befinden bzw. zur Rechnungserstellung notwendig sind, werden aufgrund der gesetzlichen Aufbewahrungsfrist l\u00e4nger aufbewahrt. Nach Ablauf der Aufbewahrungsfrist werden auch diese Daten gel\u00f6scht.<\/p>\n<h3><b>4. DATENSICHERHEIT<\/b><\/h3>\n<p>4.1 Personenbezogene Daten sind aus Gr\u00fcnden der Datensicherheit in einem geschlossenen System gespeichert und mit einem Passwort gesch\u00fctzt.<\/p>\n<p>4.2 Wird Clemens Frede bekannt, dass Daten des Nutzers systematisch und schwerwiegend unrechtm\u00e4\u00dfig verwendet wurden und dem Nutzer dadurch Schaden droht, wird Clemens Frede den Nutzer unverz\u00fcglich dar\u00fcber informieren.<\/p>\n<p>4.3 Die Webseite von Clemens Frede enth\u00e4lt Links zu anderen Dienstleistungen oder Webseiten. Clemens Frede ist nicht f\u00fcr die Datenschutzbestimmungen und\/oder Verfahren anderer Webseiten verantwortlich. Wenn der Nutzer dem Link zu einer anderen Webseite folgt, ist der Nutzer alleine daf\u00fcr verantwortlich, sich mit den Datenschutzbestimmungen dieser anderen Webseite vertraut zu machen. Die Datenschutzbestimmungen von Clemens Frede beschr\u00e4nken sich lediglich auf Informationen, die von Clemens Frede verarbeitet werden.<\/p>\n<p>4.5 Clemens Frede zieht f\u00fcr diese Datenverarbeitung Auftragsverarbeiter heran. Wir nutzen f\u00fcr die Datenverarbeitung folgende Tools:<\/p>\n<ul>\n<li><i>Mailchimp f\u00fcr die Kundenkommunikation \/ Newsletter<\/i><\/li>\n<li><i>Externe Hostingprovider (Bluehost) &#8211; nur anonymisierte Nutzungsdaten<\/i><\/li>\n<\/ul>\n<h3><b>5. EINSATZ VON COOKIES<\/b><\/h3>\n<p>Um den Besuch unserer Website attraktiv zu gestalten und die Nutzung bestimmter Funktionen zu erm\u00f6glichen, verwenden wir auf verschiedenen Seiten sogenannte Cookies. Hierbei handelt es sich um kleine Textdateien, die auf Ihrem Endger\u00e4t abgelegt werden. Einige der von uns verwendeten Cookies werden nach dem Ende der Browser-Sitzung, also nach Schlie\u00dfen Ihres Browsers, wieder gel\u00f6scht (sog. Sitzungs-Cookies). Andere Cookies verbleiben auf Ihrem Endger\u00e4t und erm\u00f6glichen uns oder unseren Partnerunternehmen, Ihren Browser beim n\u00e4chsten Besuch wiederzuerkennen (persistente Cookies). Sie k\u00f6nnen Ihren Browser so einstellen, dass Sie \u00fcber das Setzen von Cookies informiert werden und einzeln \u00fcber deren Annahme entscheiden oder die Annahme von Cookies f\u00fcr bestimmte F\u00e4lle oder generell ausschlie\u00dfen. Bei der Nichtannahme von Cookies kann die Funktionalit\u00e4t unserer Website eingeschr\u00e4nkt sein.<\/p>\n<h3><b>6. ZUSTIMMUNGSERKL\u00c4RUNG ZU DEN DATENSCHUTZBESTIMMUNGEN<\/b><\/h3>\n<p>Der Nutzer nimmt zur Kenntnis, dass die in Punkt 2.2 genannten personenbezogenen Daten zu den in Punkt 3.1 genannten Zwecken verwendet werden.<\/p>\n<h3><b>7<\/b>. <b>Rechtsbehelfsbelehrung<\/b><\/h3>\n<p>7.1 Sie erreichen uns unter folgenden Kontaktdaten:<\/p>\n<p>Per Post an: Clemens Frede, Prof.-Brix-Weg 2, 22767 Hamburg<br \/>\nPer E-Mail an: info@clemensfrede.com<br \/>\nDatenschutzbeauftragter: Clemens Frede<\/p>\n<p>7.2 Ihnen stehen grunds\u00e4tzlich die Rechte auf Auskunft, Berichtigung, L\u00f6schung, Einschr\u00e4nkung, Daten\u00fcbertragbarkeit und Widerspruch zu. Daf\u00fcr wenden Sie sich an uns.<\/p>\n<p>Wenn Sie glauben, dass die Verarbeitung Ihrer Daten gegen das Datenschutzrecht verst\u00f6\u00dft oder Ihre datenschutzrechtlichen Anspr\u00fcche sonst in einer Weise verletzt worden sind, k\u00f6nnen Sie sich direkt an uns wenden. Wenn wir Ihren Fall nicht zu Ihrer Zufriedenheit l\u00f6sen k\u00f6nnen, haben Sie jederzeit das Recht sich mit der bei der Aufsichtsbeh\u00f6rde in Verbindung zu setzen. In Deutschland ist hierf\u00fcr die <a href=\"https:\/\/www.bfdi.bund.de\/DE\/Home\/home_node.html\">Datenschutzbeh\u00f6rde<\/a> zust\u00e4ndig.<\/p>\n<h3><strong>8. SSL- bzw. TLS-Verschl\u00fcsselung<\/strong><\/h3>\n<p>Diese Seite nutzt aus Sicherheitsgr\u00fcnden und zum Schutz der \u00dcbertragung vertraulicher Inhalte eine SSL-bzw. TLS-Verschl\u00fcsselung. Das erkennen Sie daran, dass in der URL \u201chttps:\/\/\u201d angezeigt wird und an dem Schloss-Symbol in der Browserzeile.<\/p>\n<p>Wenn die SSL- bzw. TLS-Verschl\u00fcsselung aktiviert ist, k\u00f6nnen die Daten, die Sie auf dieser URL \u00fcbermitteln, nicht von Dritten mitgelesen werden.<\/p>\n<h3><strong>9. Widerspruch gegen SPAM und Werbung<\/strong><\/h3>\n<p>Die Verwendung der Kontaktdaten des Impressums zur gewerblichen Werbung ist ausdr\u00fccklich nicht erw\u00fcnscht, es sei denn der Anbieter hatte zuvor seine schriftliche Einwilligung erteilt oder es besteht bereits eine Gesch\u00e4ftsbeziehung. Der Anbieter und alle auf dieser Website genannten Personen widersprechen hiermit jeder kommerziellen Verwendung und Weitergabe ihrer Daten.<\/p>\n<h3><strong>10. Newsletter<\/strong><\/h3>\n<p>Wenn Sie unseren Newsletter beziehen m\u00f6chten, ben\u00f6tigen wir von Ihnen eine E-Mail-Adresse sowie eine Best\u00e4tigung, dass Sie der Inhaber der angegebenen E-Mail-Adresse sind und Ihr Einverst\u00e4ndnis \u00fcber den Empfang des Newsletters. Weitere Daten werden auf freiwilliger Basis erhoben. Diese Daten geben wir nicht an Dritte weiter.<\/p>\n<p>Die Einwilligung zur Speicherung der Daten und zum Versand des Newsletters k\u00f6nnen Sie jederzeit \u00fcber den \u201cAbmelden\u201d-Link im Newsletter widerrufen.<\/p>\n<p>Die Versendung der Newsletter erfolgt \u00fcber Mailchimp. Die Datenschutzbestimmungen von Mailchimp k\u00f6nnen Sie <a href=\"https:\/\/mailchimp.com\/legal\/privacy\/\">hier<\/a> einsehen:\u00a0<a href=\"https:\/\/mailchimp.com\/legal\/privacy\/\">https:\/\/mailchimp.com\/legal\/privacy\/<\/a><\/p>","protected":false},"excerpt":{"rendered":"<p>Allgemeiner Hinweis Diese Seite gibt einen \u00dcberblick dar\u00fcber, was mit personenbezogenen Daten passiert, wenn Sie diese Website besuchen. Personenbezogene Daten sind alle Daten, die eine pers\u00f6nliche Identifizierung erm\u00f6glichen. Einige Daten werden automatisch beim Besuch der Website erhoben. Das sind zum Beispiel technische Daten (z.B. Internetbrowser, Betriebssystem oder Uhrzeit des Seitenaufrufs). Die Erfassung dieser Daten erfolgt [&hellip;]<\/p>\n","protected":false},"author":1,"featured_media":0,"parent":0,"menu_order":0,"comment_status":"closed","ping_status":"closed","template":"","meta":{"footnotes":""},"class_list":["post-4655","page","type-page","status-publish","hentry"],"aioseo_notices":[],"jetpack_shortlink":"https:\/\/wp.me\/P1jfUI-1d5","jetpack-related-posts":[{"id":1587,"url":"https:\/\/www.clemensfrede.com\/de\/","url_meta":{"origin":4655,"position":0},"title":"&nbsp; Clemens Frede arbeitet als\u2026","author":"Clemens","date":"Monday, der  7. July 2014","format":false,"excerpt":"\u00a0 Clemens Frede arbeitet als freier Berater f\u00fcr\u00a0Marketing und\u00a0Performance Psychologie. Zum einen steuert er Kommunikationsprojekte und Prozesse in Agenturen und Unternehmen. Zum anderen ber\u00e4t er im Rahmen der betrieblichen Gesundheitsf\u00f6rderung Unternehmen aber auch Einzelpersonen zu Performance und Stressmanagement. Clemens unterrichtet ausserdem Yoga. Marketing Beratung: Als festangestellter und sp\u00e4ter freiberuflicher Marketing\u2026","rel":"","context":"\u00c4hnlicher Beitrag","block_context":{"text":"\u00c4hnlicher Beitrag","link":""},"img":{"alt_text":"","src":"https:\/\/i0.wp.com\/www.clemensfrede.com\/wp-content\/uploads\/2020\/12\/clemens-a-frede-1024x1024-1-150x150.jpg?resize=350%2C200&ssl=1","width":350,"height":200},"classes":[]},{"id":4702,"url":"https:\/\/www.clemensfrede.com\/de\/yoga\/own-your-yoga","url_meta":{"origin":4655,"position":1},"title":"Own Your Yoga","author":"Clemens","date":"Thursday, der 27. September 2018","format":false,"excerpt":"Der Practice Space ist ein Raum f\u00fcr dich, in deinem du deinen eigenen Yoga Flow \u00fcben kannst, ohne auf Inspiration und Feedback zu verzichten. Du \u00fcbst auf deinem eigenen Level, unter dem wachsamen Auge eines Lehrers, getragen von einem gemeinsamen Thema und der Energie der Gruppe. Yoga zu Hause \u00fcben?\u2026","rel":"","context":"\u00c4hnlicher Beitrag","block_context":{"text":"\u00c4hnlicher Beitrag","link":""},"img":{"alt_text":"","src":"https:\/\/i0.wp.com\/www.clemensfrede.com\/wp-content\/uploads\/2018\/09\/DF4650E8-98B5-4B6D-83EC-AA4DDBACD290.jpg?resize=350%2C200&ssl=1","width":350,"height":200,"srcset":"https:\/\/i0.wp.com\/www.clemensfrede.com\/wp-content\/uploads\/2018\/09\/DF4650E8-98B5-4B6D-83EC-AA4DDBACD290.jpg?resize=350%2C200&ssl=1 1x, https:\/\/i0.wp.com\/www.clemensfrede.com\/wp-content\/uploads\/2018\/09\/DF4650E8-98B5-4B6D-83EC-AA4DDBACD290.jpg?resize=525%2C300&ssl=1 1.5x, https:\/\/i0.wp.com\/www.clemensfrede.com\/wp-content\/uploads\/2018\/09\/DF4650E8-98B5-4B6D-83EC-AA4DDBACD290.jpg?resize=700%2C400&ssl=1 2x, https:\/\/i0.wp.com\/www.clemensfrede.com\/wp-content\/uploads\/2018\/09\/DF4650E8-98B5-4B6D-83EC-AA4DDBACD290.jpg?resize=1050%2C600&ssl=1 3x, https:\/\/i0.wp.com\/www.clemensfrede.com\/wp-content\/uploads\/2018\/09\/DF4650E8-98B5-4B6D-83EC-AA4DDBACD290.jpg?resize=1400%2C800&ssl=1 4x"},"classes":[]},{"id":4042,"url":"https:\/\/www.clemensfrede.com\/de\/psychology\/stresspravention-leistungsmanagement","url_meta":{"origin":4655,"position":2},"title":"Stressmanagement","author":"Clemens","date":"Tuesday, der  7. February 2017","format":false,"excerpt":"Das Seminar Stressbew\u00e4ltigung & Leistungsmanagement ist eine Ma\u00dfnahme im Rahmen des Betrieblichen Gesundheitsmanagements (BGM) und entspricht dem Deutschen Standard f\u00fcr Pr\u00e4vention. Ziel des Seminars ist es einerseits den negativen Einfluss von Stress im Arbeitsalltag zu reduzieren. Andererseits soll das Selbstbewusstsein und damit die Leistungsf\u00e4higkeit der Mitarbeiter gest\u00e4rkt werden. Die Teilnehmer\u2026","rel":"","context":"\u00c4hnlicher Beitrag","block_context":{"text":"\u00c4hnlicher Beitrag","link":""},"img":{"alt_text":"","src":"https:\/\/i0.wp.com\/www.clemensfrede.com\/wp-content\/uploads\/2016\/12\/zpp.png?resize=350%2C200&ssl=1","width":350,"height":200},"classes":[]},{"id":1512,"url":"https:\/\/www.clemensfrede.com\/de\/impressum","url_meta":{"origin":4655,"position":3},"title":"Impressum","author":"Clemens","date":"Monday, der  7. July 2014","format":false,"excerpt":"Angaben gem\u00e4\u00df \u00a7 5 TMG: Clemens Frede R\u00f6ckumstrasse 25 53121 Bonn Telefon: +491797870212 e-Mail: info @ clemensfrede.com Verantwortlich f\u00fcr den Inhalt nach \u00a7 55 Abs. 2 RStV: Clemens Frede Disclaimer - rechtliche Hinweise 1. Haftungsbeschr\u00e4nkung Die Inhalte dieser Website werden mit gr\u00f6\u00dftm\u00f6glichet Sorgfalt erstellt. Der Anbieter \u00fcbernimmt jedoch keine Gew\u00e4hr\u2026","rel":"","context":"\u00c4hnlicher Beitrag","block_context":{"text":"\u00c4hnlicher Beitrag","link":""},"img":{"alt_text":"","src":"","width":0,"height":0},"classes":[]},{"id":36,"url":"https:\/\/www.clemensfrede.com\/de\/yoga\/workshops","url_meta":{"origin":4655,"position":4},"title":"Workshops &#038; Kurse","author":"Clemens","date":"Saturday, der 30. October 2010","format":false,"excerpt":"Einige meiner Workshops werden bei der Yoga Alliance als Fortbildung anerkannt. Yoga in Bad Gastein Ich unterrichte regelm\u00e4\u00dfig Yoga im Hotel Miramonte\u00a0und im Haus Hirt in Bad Gastein. T\u00e4glich zwei Klassen f\u00fcr alle Level. Morgens als entspannter Start in den Tag, Abends, um zur Ruhe zu kommen. Tags\u00fcber kann man\u2026","rel":"","context":"\u00c4hnlicher Beitrag","block_context":{"text":"\u00c4hnlicher Beitrag","link":""},"img":{"alt_text":"","src":"https:\/\/i0.wp.com\/www.clemensfrede.com\/wp-content\/uploads\/2016\/07\/YACEP-1-150x150.png?resize=350%2C200&ssl=1","width":350,"height":200},"classes":[]},{"id":1508,"url":"https:\/\/www.clemensfrede.com\/de\/blog","url_meta":{"origin":4655,"position":5},"title":"BLOG","author":"Clemens","date":"Friday, der  4. July 2014","format":false,"excerpt":"","rel":"","context":"\u00c4hnlicher Beitrag","block_context":{"text":"\u00c4hnlicher Beitrag","link":""},"img":{"alt_text":"","src":"","width":0,"height":0},"classes":[]}],"jetpack_sharing_enabled":true,"_links":{"self":[{"href":"https:\/\/www.clemensfrede.com\/de\/wp-json\/wp\/v2\/pages\/4655","targetHints":{"allow":["GET"]}}],"collection":[{"href":"https:\/\/www.clemensfrede.com\/de\/wp-json\/wp\/v2\/pages"}],"about":[{"href":"https:\/\/www.clemensfrede.com\/de\/wp-json\/wp\/v2\/types\/page"}],"author":[{"embeddable":true,"href":"https:\/\/www.clemensfrede.com\/de\/wp-json\/wp\/v2\/users\/1"}],"replies":[{"embeddable":true,"href":"https:\/\/www.clemensfrede.com\/de\/wp-json\/wp\/v2\/comments?post=4655"}],"version-history":[{"count":5,"href":"https:\/\/www.clemensfrede.com\/de\/wp-json\/wp\/v2\/pages\/4655\/revisions"}],"predecessor-version":[{"id":4907,"href":"https:\/\/www.clemensfrede.com\/de\/wp-json\/wp\/v2\/pages\/4655\/revisions\/4907"}],"wp:attachment":[{"href":"https:\/\/www.clemensfrede.com\/de\/wp-json\/wp\/v2\/media?parent=4655"}],"curies":[{"name":"wp","href":"https:\/\/api.w.org\/{rel}","templated":true}]}}