{"id":4956,"date":"2022-04-30T09:59:34","date_gmt":"2022-04-30T07:59:34","guid":{"rendered":"https:\/\/www.clemensfrede.com\/?page_id=4956"},"modified":"2022-05-02T11:00:34","modified_gmt":"2022-05-02T09:00:34","slug":"stressmanagement-for-leaders","status":"publish","type":"page","link":"https:\/\/www.clemensfrede.com\/de\/psychology\/stressmanagement-for-leaders","title":{"rendered":"Stressmanagement f\u00fcr F\u00fchrungskr\u00e4fte"},"content":{"rendered":"<p><strong>Das Seminar \u201eGesundheit im Blick\u201c ist eine Ma\u00dfnahme f\u00fcr F\u00fchrungskr\u00e4fte im Rahmen des Betrieblichen Gesundheitsmanagements (BGM). Ziel des Seminars ist es, negativen Stress zu verstehen und zu erkennen, um angemessen reagieren zu k\u00f6nnen. Dabei geht es einerseits darum, pers\u00f6nlichem Stress entgegenzuwirken und andererseits auch bei Mitarbeitern und in Teams Symptome von negativem Stress zu erkennen und zu entsch\u00e4rfen.<\/strong><\/p>\n<h2>Die Vorteile:<\/h2>\n<ul>\n<li>Weniger Ausfallzeiten auf Grund von stressbedingten Krankheiten<\/li>\n<li>Weniger Kosten und Aufwand f\u00fcr das Unternehmen und Kollegen, um stressbedingte Ausfa\u0308lle zu u\u0308berbru\u0308cken<\/li>\n<li>Weniger Konflikte im Team<\/li>\n<li>Selbstbewu\u00dfte, leistungsfa\u0308hige Mitarbeiter<\/li>\n<\/ul>\n<h2>Inhalte des Seminars:<\/h2>\n<ul>\n<li>Was ist Stress? Wodurch wird er verursacht? Was ist ein Burn-Out?<\/li>\n<li>Warnzeichen erkennen und verstehen<\/li>\n<li>Gesundheit im Fu\u0308hrungskontext &#8211; die Rolle der Fu\u0308hrungskraft<\/li>\n<li>Arbeitsgestaltung und Methoden, um Stress zu entscha\u0308rfen<\/li>\n<li>Umgang mit konkreten Fa\u0308llen<\/li>\n<\/ul>\n<h2>Ablauf und Termine:<\/h2>\n<p>Das Seminar geht u\u0308ber einen Tag (6 Stunden) oder zwei halbe Tage.<br \/>\nAuf Wunsch kann ein zusa\u0308tzlicher Folgetermin zur nachhaltigen Vertiefung vereinbart werden.<\/p>\n<h2>Teilnehmer und Ort:<\/h2>\n<p>Die Gruppengro\u0308\u00dfe sollte 10-15 Teilnehmer umfassen, damit ein effizienter Austausch stattfinden kann. Die Teilnehmer sollten nicht direkte Kollegen sein, damit sich alle im Seminar frei in a\u0308u\u00dfern ko\u0308nnen. Die Einheiten ko\u0308nnen im Unternehmen vor Ort oder online durchgefu\u0308hrt werden.<\/p>","protected":false},"excerpt":{"rendered":"<p>Das Seminar \u201eGesundheit im Blick\u201c ist eine Ma\u00dfnahme f\u00fcr F\u00fchrungskr\u00e4fte im Rahmen des Betrieblichen Gesundheitsmanagements (BGM). Ziel des Seminars ist es, negativen Stress zu verstehen und zu erkennen, um angemessen reagieren zu k\u00f6nnen. Dabei geht es einerseits darum, pers\u00f6nlichem Stress entgegenzuwirken und andererseits auch bei Mitarbeitern und in Teams Symptome von negativem Stress zu erkennen [&hellip;]<\/p>\n","protected":false},"author":1,"featured_media":0,"parent":1516,"menu_order":0,"comment_status":"closed","ping_status":"closed","template":"","meta":{"footnotes":""},"class_list":["post-4956","page","type-page","status-publish","hentry"],"aioseo_notices":[],"jetpack_shortlink":"https:\/\/wp.me\/P1jfUI-1hW","jetpack-related-posts":[{"id":4042,"url":"https:\/\/www.clemensfrede.com\/de\/psychology\/stresspravention-leistungsmanagement","url_meta":{"origin":4956,"position":0},"title":"Stressmanagement","author":"Clemens","date":"Tuesday, der  7. February 2017","format":false,"excerpt":"Das Seminar Stressbew\u00e4ltigung & Leistungsmanagement ist eine Ma\u00dfnahme im Rahmen des Betrieblichen Gesundheitsmanagements (BGM) und entspricht dem Deutschen Standard f\u00fcr Pr\u00e4vention. Ziel des Seminars ist es einerseits den negativen Einfluss von Stress im Arbeitsalltag zu reduzieren. Andererseits soll das Selbstbewusstsein und damit die Leistungsf\u00e4higkeit der Mitarbeiter gest\u00e4rkt werden. Die Teilnehmer\u2026","rel":"","context":"\u00c4hnlicher Beitrag","block_context":{"text":"\u00c4hnlicher Beitrag","link":""},"img":{"alt_text":"","src":"https:\/\/i0.wp.com\/www.clemensfrede.com\/wp-content\/uploads\/2016\/12\/zpp.png?resize=350%2C200&ssl=1","width":350,"height":200},"classes":[]},{"id":1587,"url":"https:\/\/www.clemensfrede.com\/de\/","url_meta":{"origin":4956,"position":1},"title":"&nbsp; Clemens Frede arbeitet als\u2026","author":"Clemens","date":"Monday, der  7. July 2014","format":false,"excerpt":"\u00a0 Clemens Frede arbeitet als freier Berater f\u00fcr\u00a0Marketing und\u00a0Performance Psychologie. Zum einen steuert er Kommunikationsprojekte und Prozesse in Agenturen und Unternehmen. Zum anderen ber\u00e4t er im Rahmen der betrieblichen Gesundheitsf\u00f6rderung Unternehmen aber auch Einzelpersonen zu Performance und Stressmanagement. Clemens unterrichtet ausserdem Yoga. Marketing Beratung: Als festangestellter und sp\u00e4ter freiberuflicher Marketing\u2026","rel":"","context":"\u00c4hnlicher Beitrag","block_context":{"text":"\u00c4hnlicher Beitrag","link":""},"img":{"alt_text":"","src":"https:\/\/i0.wp.com\/www.clemensfrede.com\/wp-content\/uploads\/2020\/12\/clemens-a-frede-1024x1024-1-150x150.jpg?resize=350%2C200&ssl=1","width":350,"height":200},"classes":[]},{"id":1516,"url":"https:\/\/www.clemensfrede.com\/de\/psychology","url_meta":{"origin":4956,"position":2},"title":"Performance Psychology","author":"Clemens","date":"Monday, der  7. July 2014","format":false,"excerpt":"Performance Psychology\u00a0\u2013\u00a0oder Leistungspsychologie \u2013 hilft dabei, pers\u00f6nliche Priorit\u00e4ten\u00a0zu identifizieren, motiviert\u00a0zu verfolgen und zu erreichen. Sie l\u00e4sst einen mit R\u00fcckschl\u00e4gen besser umgehen und st\u00e4rkt die mentale Belastbarkeit. Wenn wir an Leistung denken, denken wir oft wir m\u00fcssen\u00a0mehr\u00a0tun. Das\u00a0kann \u00fcberw\u00e4ltigend sein, wenn man bereits gestresst ist. Statt dessen geht es darum, mit\u2026","rel":"","context":"\u00c4hnlicher Beitrag","block_context":{"text":"\u00c4hnlicher Beitrag","link":""},"img":{"alt_text":"","src":"","width":0,"height":0},"classes":[]},{"id":36,"url":"https:\/\/www.clemensfrede.com\/de\/yoga\/workshops","url_meta":{"origin":4956,"position":3},"title":"Workshops &#038; Kurse","author":"Clemens","date":"Saturday, der 30. October 2010","format":false,"excerpt":"Einige meiner Workshops werden bei der Yoga Alliance als Fortbildung anerkannt. Yoga in Bad Gastein Ich unterrichte regelm\u00e4\u00dfig Yoga im Hotel Miramonte\u00a0und im Haus Hirt in Bad Gastein. T\u00e4glich zwei Klassen f\u00fcr alle Level. Morgens als entspannter Start in den Tag, Abends, um zur Ruhe zu kommen. Tags\u00fcber kann man\u2026","rel":"","context":"\u00c4hnlicher Beitrag","block_context":{"text":"\u00c4hnlicher Beitrag","link":""},"img":{"alt_text":"","src":"https:\/\/i0.wp.com\/www.clemensfrede.com\/wp-content\/uploads\/2016\/07\/YACEP-1-150x150.png?resize=350%2C200&ssl=1","width":350,"height":200},"classes":[]},{"id":34,"url":"https:\/\/www.clemensfrede.com\/de\/yoga","url_meta":{"origin":4956,"position":4},"title":"Yoga","author":"Clemens","date":"Saturday, der 30. October 2010","format":false,"excerpt":"Im\u00a0Yoga sind wir alle gleich. Egal, ob jemand besonders beweglich oder unbeweglich ist \u2013 wenn wir uns in den ersten Nach-Unten-Schauenden-Hund begeben, fangen wir alle an der gleichen Stelle an und k\u00f6nnen alle etwas Neues entdecken. Ich bin registrierter Yoga Lehrer (E-RYT-200\/RYT-500) und unterrichte Workshops und Kurse. Yoga ist f\u00fcr\u2026","rel":"","context":"\u00c4hnlicher Beitrag","block_context":{"text":"\u00c4hnlicher Beitrag","link":""},"img":{"alt_text":"","src":"https:\/\/i0.wp.com\/www.clemensfrede.com\/wp-content\/uploads\/2017\/04\/18057831_1446804518674514_4385909209774204098_n-300x300.jpg?resize=350%2C200&ssl=1","width":350,"height":200},"classes":[]},{"id":4655,"url":"https:\/\/www.clemensfrede.com\/de\/deutsch-datenschutz","url_meta":{"origin":4956,"position":5},"title":"Datenschutz","author":"Clemens","date":"Sunday, der 20. May 2018","format":false,"excerpt":"Allgemeiner Hinweis Diese Seite gibt einen \u00dcberblick dar\u00fcber, was mit personenbezogenen Daten passiert, wenn Sie diese Website besuchen. Personenbezogene Daten sind alle Daten, die eine pers\u00f6nliche Identifizierung erm\u00f6glichen. Einige Daten werden automatisch beim Besuch der Website erhoben. Das sind zum Beispiel technische Daten (z.B. Internetbrowser, Betriebssystem oder Uhrzeit des Seitenaufrufs).\u2026","rel":"","context":"\u00c4hnlicher Beitrag","block_context":{"text":"\u00c4hnlicher Beitrag","link":""},"img":{"alt_text":"","src":"","width":0,"height":0},"classes":[]}],"jetpack_sharing_enabled":true,"_links":{"self":[{"href":"https:\/\/www.clemensfrede.com\/de\/wp-json\/wp\/v2\/pages\/4956","targetHints":{"allow":["GET"]}}],"collection":[{"href":"https:\/\/www.clemensfrede.com\/de\/wp-json\/wp\/v2\/pages"}],"about":[{"href":"https:\/\/www.clemensfrede.com\/de\/wp-json\/wp\/v2\/types\/page"}],"author":[{"embeddable":true,"href":"https:\/\/www.clemensfrede.com\/de\/wp-json\/wp\/v2\/users\/1"}],"replies":[{"embeddable":true,"href":"https:\/\/www.clemensfrede.com\/de\/wp-json\/wp\/v2\/comments?post=4956"}],"version-history":[{"count":3,"href":"https:\/\/www.clemensfrede.com\/de\/wp-json\/wp\/v2\/pages\/4956\/revisions"}],"predecessor-version":[{"id":4959,"href":"https:\/\/www.clemensfrede.com\/de\/wp-json\/wp\/v2\/pages\/4956\/revisions\/4959"}],"up":[{"embeddable":true,"href":"https:\/\/www.clemensfrede.com\/de\/wp-json\/wp\/v2\/pages\/1516"}],"wp:attachment":[{"href":"https:\/\/www.clemensfrede.com\/de\/wp-json\/wp\/v2\/media?parent=4956"}],"curies":[{"name":"wp","href":"https:\/\/api.w.org\/{rel}","templated":true}]}}